{"id":18,"date":"2018-11-08T15:12:26","date_gmt":"2018-11-08T15:12:26","guid":{"rendered":"http:\/\/fotodinero.com\/premium\/?page_id=18"},"modified":"2019-02-09T00:23:11","modified_gmt":"2019-02-09T00:23:11","slug":"home","status":"publish","type":"page","link":"https:\/\/fotodinero.com\/premium\/","title":{"rendered":"home"},"content":{"rendered":"<p>[et_pb_section fb_built=&#8221;1&#8243; _builder_version=&#8221;3.13.1&#8243; background_color=&#8221;#feba1b&#8221; background_image=&#8221;http:\/\/fotodinero.com\/premium\/wp-content\/uploads\/2018\/11\/artist-camera-dslr-22185-1024&#215;683-2.jpg&#8221; background_position=&#8221;top_center&#8221; custom_padding=&#8221;50.5938px|0px|28px|0px|false|false&#8221;][et_pb_row custom_padding=&#8221;60px|0px|58px|0px|false|false&#8221; _builder_version=&#8221;3.13.1&#8243;][et_pb_column type=&#8221;1_2&#8243; _builder_version=&#8221;3.13.1&#8243; parallax=&#8221;off&#8221; parallax_method=&#8221;on&#8221;][et_pb_image src=&#8221;http:\/\/fotodinero.com\/premium\/wp-content\/uploads\/2018\/11\/FDP.png&#8221; align=&#8221;center&#8221; _builder_version=&#8221;3.13.1&#8243; custom_margin=&#8221;-17px|||&#8221;][\/et_pb_image][et_pb_text _builder_version=&#8221;3.13.1&#8243;]<\/p>\n<p style=\"text-align: center;\"><span style=\"color: #000000;\">Bienvenido a <strong>Fotodinero Premium\u00a0<\/strong>la Academia de fot\u00f3grafos de Stock.<br \/>El contenido de fotodinero Premium es exclusivo para suscriptores y est\u00e1 sujeto al pago de una cuota mensual.<br \/>Con el pago de la cuota, tendr\u00e1s acceso al <strong>contenido premium<\/strong> y al <strong>grupo de Facebook<\/strong> de Fotodinero Premium.\u00a0<strong>No hay ning\u00fan tipo de permanencia.<\/strong><br \/>Si quieres m\u00e1s informaci\u00f3n de la <a href=\"https:\/\/fotodinero.com\/academia-de-stock-fotodinero-premium\/\">Academia de Stock Fotodinero Premium<\/a>.<\/span><\/p>\n<p>[\/et_pb_text][et_pb_button button_url=&#8221;https:\/\/fotodinero.com\/premium\/arm_login\/&#8221; button_text=&#8221;Acceder a Premium&#8221; button_alignment=&#8221;center&#8221; _builder_version=&#8221;3.13.1&#8243; custom_button=&#8221;on&#8221; button_text_color=&#8221;#FFFFFF&#8221; button_bg_color=&#8221;#000000&#8243; button_border_width=&#8221;0px&#8221; button_border_radius=&#8221;10px&#8221; button_font=&#8221;||||||||&#8221; box_shadow_style=&#8221;preset3&#8243; custom_padding=&#8221;15px|48px|15px|37px|true|false&#8221;][\/et_pb_button][et_pb_button button_url=&#8221;https:\/\/fotodinero.com\/premium\/plan\/&#8221; button_text=&#8221;Suscribirme&#8221; button_alignment=&#8221;center&#8221; _builder_version=&#8221;3.13.1&#8243; custom_button=&#8221;on&#8221; button_text_color=&#8221;#FFFFFF&#8221; button_bg_color=&#8221;#000000&#8243; button_border_width=&#8221;0px&#8221; button_border_radius=&#8221;10px&#8221; button_font=&#8221;||||||||&#8221; box_shadow_style=&#8221;preset3&#8243; custom_padding=&#8221;15px|48px|15px|37px|true|false&#8221;][\/et_pb_button][\/et_pb_column][et_pb_column type=&#8221;1_2&#8243; _builder_version=&#8221;3.13.1&#8243; parallax=&#8221;off&#8221; parallax_method=&#8221;on&#8221;][et_pb_video src=&#8221;https:\/\/player.vimeo.com\/video\/316199173&#8243; _builder_version=&#8221;3.13.1&#8243; max_width=&#8221;350px&#8221; module_alignment=&#8221;center&#8221; custom_margin=&#8221;130px|||&#8221;][\/et_pb_video][\/et_pb_column][\/et_pb_row][\/et_pb_section]<\/p>\n","protected":false},"excerpt":{"rendered":"<p>[et_pb_section fb_built=&#8221;1&#8243; _builder_version=&#8221;3.13.1&#8243; background_color=&#8221;#feba1b&#8221; background_image=&#8221;http:\/\/fotodinero.com\/premium\/wp-content\/uploads\/2018\/11\/artist-camera-dslr-22185-1024&#215;683-2.jpg&#8221; background_position=&#8221;top_center&#8221; custom_padding=&#8221;50.5938px|0px|28px|0px|false|false&#8221;][et_pb_row custom_padding=&#8221;60px|0px|58px|0px|false|false&#8221; _builder_version=&#8221;3.13.1&#8243;][et_pb_column type=&#8221;1_2&#8243; _builder_version=&#8221;3.13.1&#8243; parallax=&#8221;off&#8221; parallax_method=&#8221;on&#8221;][et_pb_image src=&#8221;http:\/\/fotodinero.com\/premium\/wp-content\/uploads\/2018\/11\/FDP.png&#8221; align=&#8221;center&#8221; _builder_version=&#8221;3.13.1&#8243; custom_margin=&#8221;-17px|||&#8221;][\/et_pb_image][et_pb_text _builder_version=&#8221;3.13.1&#8243;] Bienvenido a Fotodinero Premium\u00a0la Academia de fot\u00f3grafos de Stock.El contenido de fotodinero Premium es exclusivo para suscriptores y est\u00e1 sujeto al pago de una cuota mensual.Con el pago de la cuota, tendr\u00e1s acceso al contenido premium y [&hellip;]<\/p>\n","protected":false},"author":1,"featured_media":0,"parent":0,"menu_order":0,"comment_status":"closed","ping_status":"closed","template":"","meta":{"footnotes":""},"_links":{"self":[{"href":"https:\/\/fotodinero.com\/premium\/wp-json\/wp\/v2\/pages\/18"}],"collection":[{"href":"https:\/\/fotodinero.com\/premium\/wp-json\/wp\/v2\/pages"}],"about":[{"href":"https:\/\/fotodinero.com\/premium\/wp-json\/wp\/v2\/types\/page"}],"author":[{"embeddable":true,"href":"https:\/\/fotodinero.com\/premium\/wp-json\/wp\/v2\/users\/1"}],"replies":[{"embeddable":true,"href":"https:\/\/fotodinero.com\/premium\/wp-json\/wp\/v2\/comments?post=18"}],"version-history":[{"count":23,"href":"https:\/\/fotodinero.com\/premium\/wp-json\/wp\/v2\/pages\/18\/revisions"}],"predecessor-version":[{"id":233,"href":"https:\/\/fotodinero.com\/premium\/wp-json\/wp\/v2\/pages\/18\/revisions\/233"}],"wp:attachment":[{"href":"https:\/\/fotodinero.com\/premium\/wp-json\/wp\/v2\/media?parent=18"}],"curies":[{"name":"wp","href":"https:\/\/api.w.org\/{rel}","templated":true}]}}